{"id":286,"date":"2024-09-21T09:54:35","date_gmt":"2024-09-21T14:54:35","guid":{"rendered":"https:\/\/www.wiredamazon.com\/es\/?page_id=286"},"modified":"2025-02-06T11:21:45","modified_gmt":"2025-02-06T16:21:45","slug":"vuelvete-un-voluntario-en-el-amazonas","status":"publish","type":"page","link":"https:\/\/www.wiredamazon.com\/es\/vuelvete-un-voluntario-en-el-amazonas\/","title":{"rendered":"Vuelvete un voluntario en el Amazonas"},"content":{"rendered":"<h2><span style=\"color: #ff6600;\"><b>Lo m\u00e1s destacado de ser voluntario en la Amazonia peruana:<\/b>\u00a0<\/span><\/h2>\r\n<span data-contrast=\"auto\">Explorar\u00e1s el Amazonas con un equipo local y cient\u00edficos experimentados para la conservaci\u00f3n de sus bosques.<\/span><span data-ccp-props=\"{&quot;201341983&quot;:0,&quot;335559739&quot;:160,&quot;335559740&quot;:279}\">\u00a0<\/span>\r\n\r\n<span data-contrast=\"auto\">Experimentar\u00e1s la vida lejos de casa en un pa\u00eds en v\u00edas de desarrollo.<\/span><span data-ccp-props=\"{&quot;201341983&quot;:0,&quot;335559739&quot;:160,&quot;335559740&quot;:279}\">\u00a0<\/span>\r\n\r\n<span data-contrast=\"auto\">Aprender\u00e1s y formar\u00e1s parte de la cultura y la naturaleza locales.<\/span><span data-ccp-props=\"{&quot;201341983&quot;:0,&quot;335559739&quot;:160,&quot;335559740&quot;:279}\">\u00a0<\/span>\r\n\r\n<span data-contrast=\"auto\">Recoger\u00e1s, observar\u00e1s y analizar\u00e1s datos sobre el terreno y conocer\u00e1s los h\u00e1bitats naturales de las polillas tigre.<\/span><span data-ccp-props=\"{&quot;201341983&quot;:0,&quot;335559739&quot;:160,&quot;335559740&quot;:279}\">\u00a0<\/span>\r\n\r\n<span data-contrast=\"auto\">Recorrer los bosques v\u00edrgenes de la zona de amortiguamiento y dentro de la Reserva Nacional de Tambopata.<\/span><span data-ccp-props=\"{&quot;201341983&quot;:0,&quot;335559739&quot;:160,&quot;335559740&quot;:279}\">\u00a0<\/span>\r\n\r\n<span data-contrast=\"auto\">Aprender\u00e1s sobre la fauna amaz\u00f3nica.<\/span><span data-ccp-props=\"{&quot;201341983&quot;:0,&quot;335559739&quot;:160,&quot;335559740&quot;:279}\">\u00a0<\/span>\r\n\r\n<span data-contrast=\"auto\">Adquirir habilidades en t\u00e9cnicas de investigaci\u00f3n de campo, identificaci\u00f3n de especies, trampas, localizaci\u00f3n GPS, uso del machete, introducci\u00f3n y an\u00e1lisis de datos, mantenimiento de equipos, m\u00e9todos estandarizados y \u00e9ticos de gesti\u00f3n y estudio de la fauna y su conservaci\u00f3n.<\/span><span data-ccp-props=\"{&quot;201341983&quot;:0,&quot;335559739&quot;:160,&quot;335559740&quot;:279}\">\u00a0<\/span>\r\n\r\n<span data-contrast=\"auto\">Conoce a personas de ideas afines de todo el mundo comprometidas con la conservaci\u00f3n de la selva a trav\u00e9s de diferentes medios.<\/span><span data-ccp-props=\"{&quot;201341983&quot;:0,&quot;335559739&quot;:160,&quot;335559740&quot;:279}\">\u00a0<\/span>\r\n\r\n<span data-contrast=\"auto\">Ay\u00fadanos a proteger la Reserva Nacional de Tambopata, uno de los lugares con mayor biodiversidad del planeta.<\/span>","protected":false},"excerpt":{"rendered":"Lo m\u00e1s destacado de ser voluntario en la Amazonia peruana:\u00a0 Explorar\u00e1s el Amazonas con un equipo local y cient\u00edficos experimentados para la conservaci\u00f3n de sus bosques.\u00a0 Experimentar\u00e1s la vida lejos de casa en un pa\u00eds en v\u00edas de desarrollo.\u00a0 Aprender\u00e1s y formar\u00e1s parte de la cultura y la naturaleza locales.\u00a0 Recoger\u00e1s, observar\u00e1s y analizar\u00e1s datos [&hellip;]","protected":false},"author":1,"featured_media":0,"parent":0,"menu_order":0,"comment_status":"closed","ping_status":"closed","template":"templates\/template-generico-001.php","meta":{"footnotes":""},"class_list":["post-286","page","type-page","status-publish","hentry"],"yoast_head":"<!-- This site is optimized with the Yoast SEO plugin v27.2 - https:\/\/yoast.com\/product\/yoast-seo-wordpress\/ -->\n<title>Vuelvete un voluntario en el Amazonas - Wired Amazon en Espa\u00f1ol<\/title>\n<meta name=\"robots\" content=\"index, follow, max-snippet:-1, max-image-preview:large, max-video-preview:-1\" \/>\n<link rel=\"canonical\" href=\"https:\/\/www.wiredamazon.com\/es\/vuelvete-un-voluntario-en-el-amazonas\/\" \/>\n<meta property=\"og:locale\" content=\"es_ES\" \/>\n<meta property=\"og:type\" content=\"article\" \/>\n<meta property=\"og:title\" content=\"Vuelvete un voluntario en el Amazonas - Wired Amazon en Espa\u00f1ol\" \/>\n<meta property=\"og:description\" content=\"Lo m\u00e1s destacado de ser voluntario en la Amazonia peruana:\u00a0 Explorar\u00e1s el Amazonas con un equipo local y cient\u00edficos experimentados para la conservaci\u00f3n de sus bosques.\u00a0 Experimentar\u00e1s la vida lejos de casa en un pa\u00eds en v\u00edas de desarrollo.\u00a0 Aprender\u00e1s y formar\u00e1s parte de la cultura y la naturaleza locales.\u00a0 Recoger\u00e1s, observar\u00e1s y analizar\u00e1s datos [&hellip;]\" \/>\n<meta property=\"og:url\" content=\"https:\/\/www.wiredamazon.com\/es\/vuelvete-un-voluntario-en-el-amazonas\/\" \/>\n<meta property=\"og:site_name\" content=\"Wired Amazon en Espa\u00f1ol\" \/>\n<meta property=\"article:modified_time\" content=\"2025-02-06T16:21:45+00:00\" \/>\n<meta name=\"twitter:card\" content=\"summary_large_image\" \/>\n<meta name=\"twitter:label1\" content=\"Est. reading time\" \/>\n\t<meta name=\"twitter:data1\" content=\"1 minuto\" \/>\n<script type=\"application\/ld+json\" class=\"yoast-schema-graph\">{\"@context\":\"https:\/\/schema.org\",\"@graph\":[{\"@type\":\"WebPage\",\"@id\":\"https:\/\/www.wiredamazon.com\/es\/vuelvete-un-voluntario-en-el-amazonas\/\",\"url\":\"https:\/\/www.wiredamazon.com\/es\/vuelvete-un-voluntario-en-el-amazonas\/\",\"name\":\"Vuelvete un voluntario en el Amazonas - Wired Amazon en Espa\u00f1ol\",\"isPartOf\":{\"@id\":\"https:\/\/www.wiredamazon.com\/es\/#website\"},\"datePublished\":\"2024-09-21T14:54:35+00:00\",\"dateModified\":\"2025-02-06T16:21:45+00:00\",\"breadcrumb\":{\"@id\":\"https:\/\/www.wiredamazon.com\/es\/vuelvete-un-voluntario-en-el-amazonas\/#breadcrumb\"},\"inLanguage\":\"es-PE\",\"potentialAction\":[{\"@type\":\"ReadAction\",\"target\":[\"https:\/\/www.wiredamazon.com\/es\/vuelvete-un-voluntario-en-el-amazonas\/\"]}]},{\"@type\":\"BreadcrumbList\",\"@id\":\"https:\/\/www.wiredamazon.com\/es\/vuelvete-un-voluntario-en-el-amazonas\/#breadcrumb\",\"itemListElement\":[{\"@type\":\"ListItem\",\"position\":1,\"name\":\"Portada\",\"item\":\"https:\/\/www.wiredamazon.com\/es\/\"},{\"@type\":\"ListItem\",\"position\":2,\"name\":\"Vuelvete un voluntario en el Amazonas\"}]},{\"@type\":\"WebSite\",\"@id\":\"https:\/\/www.wiredamazon.com\/es\/#website\",\"url\":\"https:\/\/www.wiredamazon.com\/es\/\",\"name\":\"Wired Amazon en Espa\u00f1ol\",\"description\":\"\",\"potentialAction\":[{\"@type\":\"SearchAction\",\"target\":{\"@type\":\"EntryPoint\",\"urlTemplate\":\"https:\/\/www.wiredamazon.com\/es\/?s={search_term_string}\"},\"query-input\":{\"@type\":\"PropertyValueSpecification\",\"valueRequired\":true,\"valueName\":\"search_term_string\"}}],\"inLanguage\":\"es-PE\"}]}<\/script>\n<!-- \/ Yoast SEO plugin. -->","yoast_head_json":{"title":"Vuelvete un voluntario en el Amazonas - Wired Amazon en Espa\u00f1ol","robots":{"index":"index","follow":"follow","max-snippet":"max-snippet:-1","max-image-preview":"max-image-preview:large","max-video-preview":"max-video-preview:-1"},"canonical":"https:\/\/www.wiredamazon.com\/es\/vuelvete-un-voluntario-en-el-amazonas\/","og_locale":"es_ES","og_type":"article","og_title":"Vuelvete un voluntario en el Amazonas - Wired Amazon en Espa\u00f1ol","og_description":"Lo m\u00e1s destacado de ser voluntario en la Amazonia peruana:\u00a0 Explorar\u00e1s el Amazonas con un equipo local y cient\u00edficos experimentados para la conservaci\u00f3n de sus bosques.\u00a0 Experimentar\u00e1s la vida lejos de casa en un pa\u00eds en v\u00edas de desarrollo.\u00a0 Aprender\u00e1s y formar\u00e1s parte de la cultura y la naturaleza locales.\u00a0 Recoger\u00e1s, observar\u00e1s y analizar\u00e1s datos [&hellip;]","og_url":"https:\/\/www.wiredamazon.com\/es\/vuelvete-un-voluntario-en-el-amazonas\/","og_site_name":"Wired Amazon en Espa\u00f1ol","article_modified_time":"2025-02-06T16:21:45+00:00","twitter_card":"summary_large_image","twitter_misc":{"Est. reading time":"1 minuto"},"schema":{"@context":"https:\/\/schema.org","@graph":[{"@type":"WebPage","@id":"https:\/\/www.wiredamazon.com\/es\/vuelvete-un-voluntario-en-el-amazonas\/","url":"https:\/\/www.wiredamazon.com\/es\/vuelvete-un-voluntario-en-el-amazonas\/","name":"Vuelvete un voluntario en el Amazonas - Wired Amazon en Espa\u00f1ol","isPartOf":{"@id":"https:\/\/www.wiredamazon.com\/es\/#website"},"datePublished":"2024-09-21T14:54:35+00:00","dateModified":"2025-02-06T16:21:45+00:00","breadcrumb":{"@id":"https:\/\/www.wiredamazon.com\/es\/vuelvete-un-voluntario-en-el-amazonas\/#breadcrumb"},"inLanguage":"es-PE","potentialAction":[{"@type":"ReadAction","target":["https:\/\/www.wiredamazon.com\/es\/vuelvete-un-voluntario-en-el-amazonas\/"]}]},{"@type":"BreadcrumbList","@id":"https:\/\/www.wiredamazon.com\/es\/vuelvete-un-voluntario-en-el-amazonas\/#breadcrumb","itemListElement":[{"@type":"ListItem","position":1,"name":"Portada","item":"https:\/\/www.wiredamazon.com\/es\/"},{"@type":"ListItem","position":2,"name":"Vuelvete un voluntario en el Amazonas"}]},{"@type":"WebSite","@id":"https:\/\/www.wiredamazon.com\/es\/#website","url":"https:\/\/www.wiredamazon.com\/es\/","name":"Wired Amazon en Espa\u00f1ol","description":"","potentialAction":[{"@type":"SearchAction","target":{"@type":"EntryPoint","urlTemplate":"https:\/\/www.wiredamazon.com\/es\/?s={search_term_string}"},"query-input":{"@type":"PropertyValueSpecification","valueRequired":true,"valueName":"search_term_string"}}],"inLanguage":"es-PE"}]}},"_links":{"self":[{"href":"https:\/\/www.wiredamazon.com\/es\/wp-json\/wp\/v2\/pages\/286","targetHints":{"allow":["GET"]}}],"collection":[{"href":"https:\/\/www.wiredamazon.com\/es\/wp-json\/wp\/v2\/pages"}],"about":[{"href":"https:\/\/www.wiredamazon.com\/es\/wp-json\/wp\/v2\/types\/page"}],"author":[{"embeddable":true,"href":"https:\/\/www.wiredamazon.com\/es\/wp-json\/wp\/v2\/users\/1"}],"replies":[{"embeddable":true,"href":"https:\/\/www.wiredamazon.com\/es\/wp-json\/wp\/v2\/comments?post=286"}],"version-history":[{"count":2,"href":"https:\/\/www.wiredamazon.com\/es\/wp-json\/wp\/v2\/pages\/286\/revisions"}],"predecessor-version":[{"id":495,"href":"https:\/\/www.wiredamazon.com\/es\/wp-json\/wp\/v2\/pages\/286\/revisions\/495"}],"wp:attachment":[{"href":"https:\/\/www.wiredamazon.com\/es\/wp-json\/wp\/v2\/media?parent=286"}],"curies":[{"name":"wp","href":"https:\/\/api.w.org\/{rel}","templated":true}]}}