{"id":403,"date":"2024-09-24T14:52:15","date_gmt":"2024-09-24T19:52:15","guid":{"rendered":"https:\/\/www.wiredamazon.com\/es\/?page_id=403"},"modified":"2024-10-22T10:45:50","modified_gmt":"2024-10-22T15:45:50","slug":"faq","status":"publish","type":"page","link":"https:\/\/www.wiredamazon.com\/es\/faq\/","title":{"rendered":"FAQ"},"content":{"rendered":"<h2><span style=\"color: #ff6600;\"><b>\u00bfQu\u00e9 proyectos est\u00e1n activos ahora?<\/b>\u00a0<\/span><\/h2>\r\n<span data-contrast=\"auto\">Actualmente, tenemos 5 proyectos activos:<\/span><span data-ccp-props=\"{&quot;134233117&quot;:false,&quot;134233118&quot;:false,&quot;201341983&quot;:0,&quot;335559738&quot;:240,&quot;335559739&quot;:240,&quot;335559740&quot;:279}\">\u00a0<\/span>\r\n\r\n<a href=\"https:\/\/www.wiredamazon.com\/es\/proyectos\/descubriendo-nuevas-especies\/\"><b><span data-contrast=\"auto\">Descubriendo Nuevas Especies<\/span><\/b><\/a><span data-contrast=\"auto\">: donde los hu\u00e9spedes pueden ayudar a los bi\u00f3logos residentes a descubrir nuevas especies de insectos en la selva amaz\u00f3nica. \u00a1En promedio, descubrimos una nueva especie por mes! Este proyecto est\u00e1 disponible para los turistas que se hospedan en \u00d1ape Lodge, Refugio Amazonas, Posada Amazonas y el Centro de Investigaci\u00f3n Tambopata.<\/span><span data-ccp-props=\"{&quot;134233117&quot;:false,&quot;134233118&quot;:false,&quot;201341983&quot;:0,&quot;335559738&quot;:240,&quot;335559739&quot;:240,&quot;335559740&quot;:279}\">\u00a0<\/span>\r\n\r\n<a href=\"https:\/\/www.wiredamazon.com\/es\/proyectos\/amazoncam-tambopata\/\"><b><span data-contrast=\"auto\">AmazonCam Tambopata<\/span><\/b><\/a><span data-contrast=\"auto\">: En los alrededores de Refugio Amazonas, Rainforest Expeditions, junto con el <strong>Dr. Mark Bowler de la Universidad de Suffolk<\/strong> y Mathias Tobler de <strong>San Diego Zoo Wildlife Alliance<\/strong>, ha instalado una red no invasiva de c\u00e1maras trampa equipadas con sensores de movimiento. Las c\u00e1maras se activan cuando detectan movimiento, lo que nos ayuda a capturar im\u00e1genes de la vida silvestre en el coraz\u00f3n de la selva amaz\u00f3nica. T\u00fa tambi\u00e9n puedes participar instalando tus propias c\u00e1maras trampa en los senderos cerca de Refugio Amazonas.<\/span>\r\n\r\n<a href=\"https:\/\/www.wiredamazon.com\/es\/proyectos\/aerobotany\/\"><b><span data-contrast=\"auto\">Aerobotany<\/span><\/b><\/a><span data-contrast=\"auto\">: Uno de los tres proyectos clave de Wired Amazon, Aerobot\u00e1nica, est\u00e1 orientado a aprovechar el enorme potencial de las nuevas tecnolog\u00edas para responder preguntas ancestrales sobre la ecolog\u00eda de la selva. Aerobot\u00e1nica combina el uso innovador de mini-drones y la ciencia ciudadana en l\u00ednea para monitorear de manera remota el dosel de la selva y desarrollar una comprensi\u00f3n m\u00e1s profunda de los ciclos de vida de la flora amaz\u00f3nica.<\/span><span data-ccp-props=\"{&quot;134233117&quot;:false,&quot;134233118&quot;:false,&quot;201341983&quot;:0,&quot;335559738&quot;:240,&quot;335559739&quot;:240,&quot;335559740&quot;:279}\">\u00a0<\/span>\r\n\r\n<a href=\"https:\/\/www.wiredamazon.com\/es\/proyectos\/8-primates\/\"><b><span data-contrast=\"auto\">8 primates<\/span><\/b><\/a><span data-contrast=\"auto\">: En el proyecto 8 Primates, utilizamos seguimientos de comportamiento y bioac\u00fastica para estudiar los patrones de desplazamiento y la comunicaci\u00f3n de las ocho especies de monos en <a href=\"https:\/\/rainforestexpeditions.com\/es\/todo-lo-que-necesitas-saber-para-viajar-a-tambopata\/\">Tambopata<\/a>. Estamos desarrollando amplias bibliotecas de llamadas para todas las especies de monos y las estamos utilizando para detectar monos en los bosques m\u00e1s amplios de Per\u00fa.<\/span><span data-ccp-props=\"{&quot;134233117&quot;:false,&quot;134233118&quot;:false,&quot;201341983&quot;:0,&quot;335559738&quot;:240,&quot;335559739&quot;:240,&quot;335559740&quot;:279}\">\u00a0<\/span>\r\n\r\n<a href=\"https:\/\/www.wiredamazon.com\/es\/proyectos\/proyecto-guacamayo\/\"><b><span data-contrast=\"auto\">Proyecto Guacamayo de Tambopata<\/span><\/b><\/a><span data-contrast=\"auto\">: En el Proyecto Guacamayo de Tambopata, nuestro objetivo es contribuir a la reducci\u00f3n de las amenazas a la conservaci\u00f3n de los guacamayos (Ara macao, Ara chloropterus y Ara arauna) en la regi\u00f3n de Madre de Dios. Los guacamayos son los embajadores de la Amazon\u00eda y la conservaci\u00f3n de la biodiversidad. Entre 1989 y 2000, <strong>Eduardo Nycander<\/strong> cre\u00f3 y dirigi\u00f3 el <strong>Proyecto Guacamayos<\/strong> <strong>en la Reserva Nacional Tambopata y el Parque Nacional Bahuaja Sonene.<\/strong> A trav\u00e9s de este proyecto, Nycander pudo comprender mejor el comportamiento y las necesidades reproductivas de los guacamayos.<\/span><span data-ccp-props=\"{&quot;134233117&quot;:false,&quot;134233118&quot;:false,&quot;201341983&quot;:0,&quot;335559738&quot;:240,&quot;335559739&quot;:240,&quot;335559740&quot;:279}\">\u00a0<\/span>\r\n<h2><span style=\"color: #ff6600;\"><b>\u00bfQu\u00e9 albergues debo visitar para participar en la ciencia ciudadana?<\/b>\u00a0<\/span><\/h2>\r\n<span data-contrast=\"auto\">Todos nuestros albergues est\u00e1n llenos de proyectos sostenibles, cient\u00edficos y de conservaci\u00f3n.<\/span><span data-ccp-props=\"{&quot;134233117&quot;:false,&quot;134233118&quot;:false,&quot;201341983&quot;:0,&quot;335559738&quot;:240,&quot;335559739&quot;:240,&quot;335559740&quot;:279}\">\u00a0<\/span>\r\n\r\n<b><span data-contrast=\"auto\">Posada Amazonas<\/span><\/b><span data-contrast=\"auto\">: Experimenta la cultura local amaz\u00f3nica con la Comunidad Nativa de Infierno, aqu\u00ed puedes participar en nuestro Proyecto Descubriendo Nuevas Especies.<\/span><span data-ccp-props=\"{&quot;134233117&quot;:false,&quot;134233118&quot;:false,&quot;201341983&quot;:0,&quot;335559738&quot;:0,&quot;335559739&quot;:0,&quot;335559740&quot;:279}\">\u00a0<\/span>\r\n\r\n<b><span data-contrast=\"auto\">Refugio Amazonas Lodge<\/span><\/b><span data-contrast=\"auto\">: Experimenta la aventura y convi\u00e9rtete en un ciudadano de la ciencia, aqu\u00ed puedes participar en nuestros proyectos; Aerobot\u00e1nica, Descubriendo Nuevas Especies y AmazonCam.<\/span><span data-ccp-props=\"{&quot;134233117&quot;:false,&quot;134233118&quot;:false,&quot;201341983&quot;:0,&quot;335559738&quot;:0,&quot;335559739&quot;:0,&quot;335559740&quot;:279}\">\u00a0<\/span>\r\n\r\n<b><span data-contrast=\"auto\">Tambopata Research Center Lodge<\/span><\/b><span data-contrast=\"auto\">: Aprende sobre el Proyecto Guacamayos Tambopata y sus esfuerzos de conservaci\u00f3n para salvar al guacamayo escarlata. Tambi\u00e9n puedes participar en los proyectos Descubriendo Nuevas Especies\u00a0 y 8 Primates.<\/span><span data-ccp-props=\"{&quot;134233117&quot;:false,&quot;134233118&quot;:false,&quot;201341983&quot;:0,&quot;335559738&quot;:0,&quot;335559739&quot;:0,&quot;335559740&quot;:279}\">\u00a0<\/span>\r\n<h2><span style=\"color: #ff6600;\"><b>\u00bfC\u00f3mo puedo participar con Wired Amazon?<\/b>\u00a0<\/span><\/h2>\r\n<span data-contrast=\"auto\">Puedes participar en nuestros proyectos de ciencia ciudadana visitando los albergues mencionados como turista y contribuir a la conservaci\u00f3n de la ciencia. Otra manera de contribuir es participando en nuestro <a href=\"https:\/\/www.wiredamazon.com\/es\/vuelvete-un-voluntario-en-el-amazonas\/\">programa de voluntariado<\/a> en el Centro de Investigaci\u00f3n Tambopata.<\/span><span data-ccp-props=\"{&quot;134233117&quot;:false,&quot;134233118&quot;:false,&quot;201341983&quot;:0,&quot;335559738&quot;:240,&quot;335559739&quot;:240,&quot;335559740&quot;:279}\">\u00a0<\/span>\r\n<h2><span style=\"color: #ff6600;\"><b>\u00bfCu\u00e1ntos d\u00edas puedo ser voluntario en la Amazon\u00eda?<\/b>\u00a0<\/span><\/h2>\r\n<span data-contrast=\"auto\">Convi\u00e9rtete en voluntario y deja una huella positiva en las selvas amaz\u00f3nicas durante 30 d\u00edas.<\/span><span data-ccp-props=\"{&quot;134233117&quot;:false,&quot;134233118&quot;:false,&quot;201341983&quot;:0,&quot;335559738&quot;:240,&quot;335559739&quot;:240,&quot;335559740&quot;:279}\">\u00a0<\/span>\r\n\r\nCon un coste de USD $ 60 por dia. <span class=\"TextRun SCXW139095162 BCX0\" lang=\"ES-ES\" xml:lang=\"ES-ES\" data-contrast=\"auto\"><span class=\"NormalTextRun SCXW139095162 BCX0\">Si deseas llegar en otra fecha, el costo adicional es de USD $210.00. Los costos cubren tu traslado hacia y desde los centros de investigaci\u00f3n, comidas completas y alojamiento en la Casa de Investigadores. Puedes participar en las actividades programadas del albergue cuando no tengas actividades de proyecto o con previa coordinaci\u00f3n con el gerente residente del albergue. Los traslados a la ciudad est\u00e1n sujetos a la disponibilidad de botes hacia\/desde Puerto Maldonado.<\/span><\/span>\r\n<h2><span style=\"color: #ff6600;\"><b>\u00bfNecesito experiencia para ser voluntario?<\/b>\u00a0<\/span><\/h2>\r\n<span data-contrast=\"auto\">Las personas con o sin experiencia pueden participar. Adquirir\u00e1s nuevas habilidades y experiencia durante este per\u00edodo.<\/span><span data-ccp-props=\"{&quot;134233117&quot;:false,&quot;134233118&quot;:false,&quot;201341983&quot;:0,&quot;335559738&quot;:240,&quot;335559739&quot;:240,&quot;335559740&quot;:279}\">\u00a0<\/span>\r\n<h2><span style=\"color: #ff6600;\"><b>\u00bfQu\u00e9 pasa si llego al programa de voluntariado fuera de las fechas de salida fijas?<\/b>\u00a0<\/span><\/h2>\r\n<span data-contrast=\"auto\">Salidas fijas los d\u00edas 15 y 30 de cada mes. Si deseas llegar en otra fecha, el costo adicional es de USD $ 210<\/span>\r\n<h2><span style=\"color: #ff6600;\"><b>\u00bfQu\u00e9 pasa si tengo que irme antes de la fecha planeada del programa de voluntariado?<\/b>\u00a0<\/span><\/h2>\r\n<span data-contrast=\"auto\">Podemos coordinar los traslados necesarios junto con las salidas programadas de los pasajeros del Centro de Investigaci\u00f3n Tambopata, sin embargo, el pago realizado para el programa de voluntariado no es reembolsable ya que estos son fondos que apoyan nuestros proyectos de conservaci\u00f3n.<\/span><span data-ccp-props=\"{&quot;134233117&quot;:false,&quot;134233118&quot;:false,&quot;201341983&quot;:0,&quot;335559738&quot;:240,&quot;335559739&quot;:240,&quot;335559740&quot;:279}\">\u00a0<\/span>\r\n<h2><span style=\"color: #ff6600;\"><b>\u00bfQu\u00e9 pasa si mi vuelo llega tarde en la fecha de salida fija planeada para el programa de voluntariado?<\/b>\u00a0<\/span><\/h2>\r\n<span data-contrast=\"auto\">Dado que el traslado al Centro de Investigaci\u00f3n Tambopata no ser\u00eda factible debido al horario, tendr\u00e1s que pasar la noche en la ciudad de Puerto Maldonado (por tu cuenta), al d\u00eda siguiente te incluiremos en el traslado fijo para los pasajeros en camino al TRC.<\/span><span data-ccp-props=\"{&quot;134233117&quot;:false,&quot;134233118&quot;:false,&quot;201341983&quot;:0,&quot;335559738&quot;:240,&quot;335559739&quot;:240,&quot;335559740&quot;:279}\">\u00a0<\/span>\r\n<h2><span style=\"color: #ff6600;\"><b>\u00bfQu\u00e9 debo empacar para el Programa de Voluntariado de Wired Amazon?<\/b>\u00a0<\/span><\/h2>\r\n<span data-contrast=\"auto\">Binoculares, equipo fotogr\u00e1fico, pantalones largos de algod\u00f3n de color claro, camisas de manga larga de algod\u00f3n de color claro, botas de senderismo a la altura del tobillo y zapatillas, linterna (de cabeza) con bater\u00edas, loci\u00f3n bloqueadora solar, gafas de sol, sombrero de ala ancha, traje de lluvia o poncho, repelente de insectos, mochila peque\u00f1a, sandalias para caminar por el albergue.<\/span><span data-ccp-props=\"{&quot;134233117&quot;:false,&quot;134233118&quot;:false,&quot;201341983&quot;:0,&quot;335559738&quot;:240,&quot;335559739&quot;:240,&quot;335559740&quot;:279}\">\u00a0<\/span>","protected":false},"excerpt":{"rendered":"\u00bfQu\u00e9 proyectos est\u00e1n activos ahora?\u00a0 Actualmente, tenemos 5 proyectos activos:\u00a0 Descubriendo Nuevas Especies: donde los hu\u00e9spedes pueden ayudar a los bi\u00f3logos residentes a descubrir nuevas especies de insectos en la selva amaz\u00f3nica. \u00a1En promedio, descubrimos una nueva especie por mes! Este proyecto est\u00e1 disponible para los turistas que se hospedan en \u00d1ape Lodge, Refugio Amazonas, [&hellip;]","protected":false},"author":1,"featured_media":0,"parent":0,"menu_order":0,"comment_status":"closed","ping_status":"closed","template":"templates\/template-generico-001.php","meta":{"footnotes":""},"class_list":["post-403","page","type-page","status-publish","hentry"],"yoast_head":"<!-- This site is optimized with the Yoast SEO plugin v27.2 - https:\/\/yoast.com\/product\/yoast-seo-wordpress\/ -->\n<title>FAQ - Wired Amazon en Espa\u00f1ol<\/title>\n<meta name=\"robots\" content=\"index, follow, max-snippet:-1, max-image-preview:large, max-video-preview:-1\" \/>\n<link rel=\"canonical\" href=\"https:\/\/www.wiredamazon.com\/es\/faq\/\" \/>\n<meta property=\"og:locale\" content=\"es_ES\" \/>\n<meta property=\"og:type\" content=\"article\" \/>\n<meta property=\"og:title\" content=\"FAQ - Wired Amazon en Espa\u00f1ol\" \/>\n<meta property=\"og:description\" content=\"\u00bfQu\u00e9 proyectos est\u00e1n activos ahora?\u00a0 Actualmente, tenemos 5 proyectos activos:\u00a0 Descubriendo Nuevas Especies: donde los hu\u00e9spedes pueden ayudar a los bi\u00f3logos residentes a descubrir nuevas especies de insectos en la selva amaz\u00f3nica. \u00a1En promedio, descubrimos una nueva especie por mes! Este proyecto est\u00e1 disponible para los turistas que se hospedan en \u00d1ape Lodge, Refugio Amazonas, [&hellip;]\" \/>\n<meta property=\"og:url\" content=\"https:\/\/www.wiredamazon.com\/es\/faq\/\" \/>\n<meta property=\"og:site_name\" content=\"Wired Amazon en Espa\u00f1ol\" \/>\n<meta property=\"article:modified_time\" content=\"2024-10-22T15:45:50+00:00\" \/>\n<meta name=\"twitter:card\" content=\"summary_large_image\" \/>\n<meta name=\"twitter:label1\" content=\"Est. reading time\" \/>\n\t<meta name=\"twitter:data1\" content=\"5 minutos\" \/>\n<script type=\"application\/ld+json\" class=\"yoast-schema-graph\">{\"@context\":\"https:\/\/schema.org\",\"@graph\":[{\"@type\":\"WebPage\",\"@id\":\"https:\/\/www.wiredamazon.com\/es\/faq\/\",\"url\":\"https:\/\/www.wiredamazon.com\/es\/faq\/\",\"name\":\"FAQ - Wired Amazon en Espa\u00f1ol\",\"isPartOf\":{\"@id\":\"https:\/\/www.wiredamazon.com\/es\/#website\"},\"datePublished\":\"2024-09-24T19:52:15+00:00\",\"dateModified\":\"2024-10-22T15:45:50+00:00\",\"breadcrumb\":{\"@id\":\"https:\/\/www.wiredamazon.com\/es\/faq\/#breadcrumb\"},\"inLanguage\":\"es-PE\",\"potentialAction\":[{\"@type\":\"ReadAction\",\"target\":[\"https:\/\/www.wiredamazon.com\/es\/faq\/\"]}]},{\"@type\":\"BreadcrumbList\",\"@id\":\"https:\/\/www.wiredamazon.com\/es\/faq\/#breadcrumb\",\"itemListElement\":[{\"@type\":\"ListItem\",\"position\":1,\"name\":\"Portada\",\"item\":\"https:\/\/www.wiredamazon.com\/es\/\"},{\"@type\":\"ListItem\",\"position\":2,\"name\":\"FAQ\"}]},{\"@type\":\"WebSite\",\"@id\":\"https:\/\/www.wiredamazon.com\/es\/#website\",\"url\":\"https:\/\/www.wiredamazon.com\/es\/\",\"name\":\"Wired Amazon en Espa\u00f1ol\",\"description\":\"\",\"potentialAction\":[{\"@type\":\"SearchAction\",\"target\":{\"@type\":\"EntryPoint\",\"urlTemplate\":\"https:\/\/www.wiredamazon.com\/es\/?s={search_term_string}\"},\"query-input\":{\"@type\":\"PropertyValueSpecification\",\"valueRequired\":true,\"valueName\":\"search_term_string\"}}],\"inLanguage\":\"es-PE\"}]}<\/script>\n<!-- \/ Yoast SEO plugin. -->","yoast_head_json":{"title":"FAQ - Wired Amazon en Espa\u00f1ol","robots":{"index":"index","follow":"follow","max-snippet":"max-snippet:-1","max-image-preview":"max-image-preview:large","max-video-preview":"max-video-preview:-1"},"canonical":"https:\/\/www.wiredamazon.com\/es\/faq\/","og_locale":"es_ES","og_type":"article","og_title":"FAQ - Wired Amazon en Espa\u00f1ol","og_description":"\u00bfQu\u00e9 proyectos est\u00e1n activos ahora?\u00a0 Actualmente, tenemos 5 proyectos activos:\u00a0 Descubriendo Nuevas Especies: donde los hu\u00e9spedes pueden ayudar a los bi\u00f3logos residentes a descubrir nuevas especies de insectos en la selva amaz\u00f3nica. \u00a1En promedio, descubrimos una nueva especie por mes! Este proyecto est\u00e1 disponible para los turistas que se hospedan en \u00d1ape Lodge, Refugio Amazonas, [&hellip;]","og_url":"https:\/\/www.wiredamazon.com\/es\/faq\/","og_site_name":"Wired Amazon en Espa\u00f1ol","article_modified_time":"2024-10-22T15:45:50+00:00","twitter_card":"summary_large_image","twitter_misc":{"Est. reading time":"5 minutos"},"schema":{"@context":"https:\/\/schema.org","@graph":[{"@type":"WebPage","@id":"https:\/\/www.wiredamazon.com\/es\/faq\/","url":"https:\/\/www.wiredamazon.com\/es\/faq\/","name":"FAQ - Wired Amazon en Espa\u00f1ol","isPartOf":{"@id":"https:\/\/www.wiredamazon.com\/es\/#website"},"datePublished":"2024-09-24T19:52:15+00:00","dateModified":"2024-10-22T15:45:50+00:00","breadcrumb":{"@id":"https:\/\/www.wiredamazon.com\/es\/faq\/#breadcrumb"},"inLanguage":"es-PE","potentialAction":[{"@type":"ReadAction","target":["https:\/\/www.wiredamazon.com\/es\/faq\/"]}]},{"@type":"BreadcrumbList","@id":"https:\/\/www.wiredamazon.com\/es\/faq\/#breadcrumb","itemListElement":[{"@type":"ListItem","position":1,"name":"Portada","item":"https:\/\/www.wiredamazon.com\/es\/"},{"@type":"ListItem","position":2,"name":"FAQ"}]},{"@type":"WebSite","@id":"https:\/\/www.wiredamazon.com\/es\/#website","url":"https:\/\/www.wiredamazon.com\/es\/","name":"Wired Amazon en Espa\u00f1ol","description":"","potentialAction":[{"@type":"SearchAction","target":{"@type":"EntryPoint","urlTemplate":"https:\/\/www.wiredamazon.com\/es\/?s={search_term_string}"},"query-input":{"@type":"PropertyValueSpecification","valueRequired":true,"valueName":"search_term_string"}}],"inLanguage":"es-PE"}]}},"_links":{"self":[{"href":"https:\/\/www.wiredamazon.com\/es\/wp-json\/wp\/v2\/pages\/403","targetHints":{"allow":["GET"]}}],"collection":[{"href":"https:\/\/www.wiredamazon.com\/es\/wp-json\/wp\/v2\/pages"}],"about":[{"href":"https:\/\/www.wiredamazon.com\/es\/wp-json\/wp\/v2\/types\/page"}],"author":[{"embeddable":true,"href":"https:\/\/www.wiredamazon.com\/es\/wp-json\/wp\/v2\/users\/1"}],"replies":[{"embeddable":true,"href":"https:\/\/www.wiredamazon.com\/es\/wp-json\/wp\/v2\/comments?post=403"}],"version-history":[{"count":5,"href":"https:\/\/www.wiredamazon.com\/es\/wp-json\/wp\/v2\/pages\/403\/revisions"}],"predecessor-version":[{"id":489,"href":"https:\/\/www.wiredamazon.com\/es\/wp-json\/wp\/v2\/pages\/403\/revisions\/489"}],"wp:attachment":[{"href":"https:\/\/www.wiredamazon.com\/es\/wp-json\/wp\/v2\/media?parent=403"}],"curies":[{"name":"wp","href":"https:\/\/api.w.org\/{rel}","templated":true}]}}