{"id":590,"date":"2025-02-05T18:09:49","date_gmt":"2025-02-05T23:09:49","guid":{"rendered":"https:\/\/www.wiredamazon.com\/es\/?page_id=590"},"modified":"2025-05-29T16:31:03","modified_gmt":"2025-05-29T21:31:03","slug":"lista-de-deseos-wired-amazon","status":"publish","type":"page","link":"https:\/\/www.wiredamazon.com\/es\/ayuda-a-la-amazonia\/lista-de-deseos-wired-amazon\/","title":{"rendered":"Lista de deseos Wired Amazon"},"content":{"rendered":"<h1 style=\"text-align: center;\">Apoya a Wired Amazon comprando en nuestras listas de deseos<\/h1>\r\n<p style=\"text-align: center;\">\u00a1Equipa a nuestros cient\u00edficos y ayuda a proteger el Amazonas!<\/p>\r\n<p style=\"text-align: center;\">En Wired Amazon, confiamos en tecnolog\u00eda punta y herramientas cient\u00edficas para monitorizar la biodiversidad, rastrear jaguares, estudiar guacamayos, grabar sonidos de primates y descubrir nuevas especies. Puedes apoyar nuestra misi\u00f3n comprando equipos esenciales de nuestra lista de deseos.<\/p>\r\n<p style=\"text-align: center;\">Es muy sencillo: Navega por nuestras listas, compra un art\u00edculo y elige c\u00f3mo hac\u00e9rnoslo llegar. Cada contribuci\u00f3n, grande o peque\u00f1a, nos ayuda a continuar nuestros esfuerzos de conservaci\u00f3n.<\/p>","protected":false},"excerpt":{"rendered":"Apoya a Wired Amazon comprando en nuestras listas de deseos \u00a1Equipa a nuestros cient\u00edficos y ayuda a proteger el Amazonas! En Wired Amazon, confiamos en tecnolog\u00eda punta y herramientas cient\u00edficas para monitorizar la biodiversidad, rastrear jaguares, estudiar guacamayos, grabar sonidos de primates y descubrir nuevas especies. Puedes apoyar nuestra misi\u00f3n comprando equipos esenciales de nuestra [&hellip;]","protected":false},"author":1,"featured_media":562,"parent":552,"menu_order":0,"comment_status":"closed","ping_status":"closed","template":"templates\/template-generico-001.php","meta":{"footnotes":""},"class_list":["post-590","page","type-page","status-publish","has-post-thumbnail","hentry"],"yoast_head":"<!-- This site is optimized with the Yoast SEO plugin v27.2 - https:\/\/yoast.com\/product\/yoast-seo-wordpress\/ -->\n<title>Lista de deseos Wired Amazon - Wired Amazon en Espa\u00f1ol<\/title>\n<meta name=\"robots\" content=\"index, follow, max-snippet:-1, max-image-preview:large, max-video-preview:-1\" \/>\n<link rel=\"canonical\" href=\"https:\/\/www.wiredamazon.com\/es\/ayuda-a-la-amazonia\/lista-de-deseos-wired-amazon\/\" \/>\n<meta property=\"og:locale\" content=\"es_ES\" \/>\n<meta property=\"og:type\" content=\"article\" \/>\n<meta property=\"og:title\" content=\"Lista de deseos Wired Amazon - Wired Amazon en Espa\u00f1ol\" \/>\n<meta property=\"og:description\" content=\"Apoya a Wired Amazon comprando en nuestras listas de deseos \u00a1Equipa a nuestros cient\u00edficos y ayuda a proteger el Amazonas! En Wired Amazon, confiamos en tecnolog\u00eda punta y herramientas cient\u00edficas para monitorizar la biodiversidad, rastrear jaguares, estudiar guacamayos, grabar sonidos de primates y descubrir nuevas especies. Puedes apoyar nuestra misi\u00f3n comprando equipos esenciales de nuestra [&hellip;]\" \/>\n<meta property=\"og:url\" content=\"https:\/\/www.wiredamazon.com\/es\/ayuda-a-la-amazonia\/lista-de-deseos-wired-amazon\/\" \/>\n<meta property=\"og:site_name\" content=\"Wired Amazon en Espa\u00f1ol\" \/>\n<meta property=\"article:modified_time\" content=\"2025-05-29T21:31:03+00:00\" \/>\n<meta property=\"og:image\" content=\"https:\/\/www.wiredamazon.com\/es\/wp-content\/uploads\/2025\/02\/AMAZON-WISHLIST.png\" \/>\n\t<meta property=\"og:image:width\" content=\"1920\" \/>\n\t<meta property=\"og:image:height\" content=\"1080\" \/>\n\t<meta property=\"og:image:type\" content=\"image\/png\" \/>\n<meta name=\"twitter:card\" content=\"summary_large_image\" \/>\n<meta name=\"twitter:label1\" content=\"Est. reading time\" \/>\n\t<meta name=\"twitter:data1\" content=\"1 minuto\" \/>\n<script type=\"application\/ld+json\" class=\"yoast-schema-graph\">{\"@context\":\"https:\/\/schema.org\",\"@graph\":[{\"@type\":\"WebPage\",\"@id\":\"https:\/\/www.wiredamazon.com\/es\/ayuda-a-la-amazonia\/lista-de-deseos-wired-amazon\/\",\"url\":\"https:\/\/www.wiredamazon.com\/es\/ayuda-a-la-amazonia\/lista-de-deseos-wired-amazon\/\",\"name\":\"Lista de deseos Wired Amazon - Wired Amazon en Espa\u00f1ol\",\"isPartOf\":{\"@id\":\"https:\/\/www.wiredamazon.com\/es\/#website\"},\"primaryImageOfPage\":{\"@id\":\"https:\/\/www.wiredamazon.com\/es\/ayuda-a-la-amazonia\/lista-de-deseos-wired-amazon\/#primaryimage\"},\"image\":{\"@id\":\"https:\/\/www.wiredamazon.com\/es\/ayuda-a-la-amazonia\/lista-de-deseos-wired-amazon\/#primaryimage\"},\"thumbnailUrl\":\"https:\/\/www.wiredamazon.com\/es\/wp-content\/uploads\/2025\/02\/AMAZON-WISHLIST.png\",\"datePublished\":\"2025-02-05T23:09:49+00:00\",\"dateModified\":\"2025-05-29T21:31:03+00:00\",\"breadcrumb\":{\"@id\":\"https:\/\/www.wiredamazon.com\/es\/ayuda-a-la-amazonia\/lista-de-deseos-wired-amazon\/#breadcrumb\"},\"inLanguage\":\"es-PE\",\"potentialAction\":[{\"@type\":\"ReadAction\",\"target\":[\"https:\/\/www.wiredamazon.com\/es\/ayuda-a-la-amazonia\/lista-de-deseos-wired-amazon\/\"]}]},{\"@type\":\"ImageObject\",\"inLanguage\":\"es-PE\",\"@id\":\"https:\/\/www.wiredamazon.com\/es\/ayuda-a-la-amazonia\/lista-de-deseos-wired-amazon\/#primaryimage\",\"url\":\"https:\/\/www.wiredamazon.com\/es\/wp-content\/uploads\/2025\/02\/AMAZON-WISHLIST.png\",\"contentUrl\":\"https:\/\/www.wiredamazon.com\/es\/wp-content\/uploads\/2025\/02\/AMAZON-WISHLIST.png\",\"width\":1920,\"height\":1080,\"caption\":\"AMAZON WISHLIST\"},{\"@type\":\"BreadcrumbList\",\"@id\":\"https:\/\/www.wiredamazon.com\/es\/ayuda-a-la-amazonia\/lista-de-deseos-wired-amazon\/#breadcrumb\",\"itemListElement\":[{\"@type\":\"ListItem\",\"position\":1,\"name\":\"Portada\",\"item\":\"https:\/\/www.wiredamazon.com\/es\/\"},{\"@type\":\"ListItem\",\"position\":2,\"name\":\"Ayuda a la Amazon\u00eda\",\"item\":\"https:\/\/www.wiredamazon.com\/es\/ayuda-a-la-amazonia\/\"},{\"@type\":\"ListItem\",\"position\":3,\"name\":\"Lista de deseos Wired Amazon\"}]},{\"@type\":\"WebSite\",\"@id\":\"https:\/\/www.wiredamazon.com\/es\/#website\",\"url\":\"https:\/\/www.wiredamazon.com\/es\/\",\"name\":\"Wired Amazon en Espa\u00f1ol\",\"description\":\"\",\"potentialAction\":[{\"@type\":\"SearchAction\",\"target\":{\"@type\":\"EntryPoint\",\"urlTemplate\":\"https:\/\/www.wiredamazon.com\/es\/?s={search_term_string}\"},\"query-input\":{\"@type\":\"PropertyValueSpecification\",\"valueRequired\":true,\"valueName\":\"search_term_string\"}}],\"inLanguage\":\"es-PE\"}]}<\/script>\n<!-- \/ Yoast SEO plugin. -->","yoast_head_json":{"title":"Lista de deseos Wired Amazon - Wired Amazon en Espa\u00f1ol","robots":{"index":"index","follow":"follow","max-snippet":"max-snippet:-1","max-image-preview":"max-image-preview:large","max-video-preview":"max-video-preview:-1"},"canonical":"https:\/\/www.wiredamazon.com\/es\/ayuda-a-la-amazonia\/lista-de-deseos-wired-amazon\/","og_locale":"es_ES","og_type":"article","og_title":"Lista de deseos Wired Amazon - Wired Amazon en Espa\u00f1ol","og_description":"Apoya a Wired Amazon comprando en nuestras listas de deseos \u00a1Equipa a nuestros cient\u00edficos y ayuda a proteger el Amazonas! En Wired Amazon, confiamos en tecnolog\u00eda punta y herramientas cient\u00edficas para monitorizar la biodiversidad, rastrear jaguares, estudiar guacamayos, grabar sonidos de primates y descubrir nuevas especies. Puedes apoyar nuestra misi\u00f3n comprando equipos esenciales de nuestra [&hellip;]","og_url":"https:\/\/www.wiredamazon.com\/es\/ayuda-a-la-amazonia\/lista-de-deseos-wired-amazon\/","og_site_name":"Wired Amazon en Espa\u00f1ol","article_modified_time":"2025-05-29T21:31:03+00:00","og_image":[{"width":1920,"height":1080,"url":"https:\/\/www.wiredamazon.com\/es\/wp-content\/uploads\/2025\/02\/AMAZON-WISHLIST.png","type":"image\/png"}],"twitter_card":"summary_large_image","twitter_misc":{"Est. reading time":"1 minuto"},"schema":{"@context":"https:\/\/schema.org","@graph":[{"@type":"WebPage","@id":"https:\/\/www.wiredamazon.com\/es\/ayuda-a-la-amazonia\/lista-de-deseos-wired-amazon\/","url":"https:\/\/www.wiredamazon.com\/es\/ayuda-a-la-amazonia\/lista-de-deseos-wired-amazon\/","name":"Lista de deseos Wired Amazon - Wired Amazon en Espa\u00f1ol","isPartOf":{"@id":"https:\/\/www.wiredamazon.com\/es\/#website"},"primaryImageOfPage":{"@id":"https:\/\/www.wiredamazon.com\/es\/ayuda-a-la-amazonia\/lista-de-deseos-wired-amazon\/#primaryimage"},"image":{"@id":"https:\/\/www.wiredamazon.com\/es\/ayuda-a-la-amazonia\/lista-de-deseos-wired-amazon\/#primaryimage"},"thumbnailUrl":"https:\/\/www.wiredamazon.com\/es\/wp-content\/uploads\/2025\/02\/AMAZON-WISHLIST.png","datePublished":"2025-02-05T23:09:49+00:00","dateModified":"2025-05-29T21:31:03+00:00","breadcrumb":{"@id":"https:\/\/www.wiredamazon.com\/es\/ayuda-a-la-amazonia\/lista-de-deseos-wired-amazon\/#breadcrumb"},"inLanguage":"es-PE","potentialAction":[{"@type":"ReadAction","target":["https:\/\/www.wiredamazon.com\/es\/ayuda-a-la-amazonia\/lista-de-deseos-wired-amazon\/"]}]},{"@type":"ImageObject","inLanguage":"es-PE","@id":"https:\/\/www.wiredamazon.com\/es\/ayuda-a-la-amazonia\/lista-de-deseos-wired-amazon\/#primaryimage","url":"https:\/\/www.wiredamazon.com\/es\/wp-content\/uploads\/2025\/02\/AMAZON-WISHLIST.png","contentUrl":"https:\/\/www.wiredamazon.com\/es\/wp-content\/uploads\/2025\/02\/AMAZON-WISHLIST.png","width":1920,"height":1080,"caption":"AMAZON WISHLIST"},{"@type":"BreadcrumbList","@id":"https:\/\/www.wiredamazon.com\/es\/ayuda-a-la-amazonia\/lista-de-deseos-wired-amazon\/#breadcrumb","itemListElement":[{"@type":"ListItem","position":1,"name":"Portada","item":"https:\/\/www.wiredamazon.com\/es\/"},{"@type":"ListItem","position":2,"name":"Ayuda a la Amazon\u00eda","item":"https:\/\/www.wiredamazon.com\/es\/ayuda-a-la-amazonia\/"},{"@type":"ListItem","position":3,"name":"Lista de deseos Wired Amazon"}]},{"@type":"WebSite","@id":"https:\/\/www.wiredamazon.com\/es\/#website","url":"https:\/\/www.wiredamazon.com\/es\/","name":"Wired Amazon en Espa\u00f1ol","description":"","potentialAction":[{"@type":"SearchAction","target":{"@type":"EntryPoint","urlTemplate":"https:\/\/www.wiredamazon.com\/es\/?s={search_term_string}"},"query-input":{"@type":"PropertyValueSpecification","valueRequired":true,"valueName":"search_term_string"}}],"inLanguage":"es-PE"}]}},"_links":{"self":[{"href":"https:\/\/www.wiredamazon.com\/es\/wp-json\/wp\/v2\/pages\/590","targetHints":{"allow":["GET"]}}],"collection":[{"href":"https:\/\/www.wiredamazon.com\/es\/wp-json\/wp\/v2\/pages"}],"about":[{"href":"https:\/\/www.wiredamazon.com\/es\/wp-json\/wp\/v2\/types\/page"}],"author":[{"embeddable":true,"href":"https:\/\/www.wiredamazon.com\/es\/wp-json\/wp\/v2\/users\/1"}],"replies":[{"embeddable":true,"href":"https:\/\/www.wiredamazon.com\/es\/wp-json\/wp\/v2\/comments?post=590"}],"version-history":[{"count":1,"href":"https:\/\/www.wiredamazon.com\/es\/wp-json\/wp\/v2\/pages\/590\/revisions"}],"predecessor-version":[{"id":591,"href":"https:\/\/www.wiredamazon.com\/es\/wp-json\/wp\/v2\/pages\/590\/revisions\/591"}],"up":[{"embeddable":true,"href":"https:\/\/www.wiredamazon.com\/es\/wp-json\/wp\/v2\/pages\/552"}],"wp:featuredmedia":[{"embeddable":true,"href":"https:\/\/www.wiredamazon.com\/es\/wp-json\/wp\/v2\/media\/562"}],"wp:attachment":[{"href":"https:\/\/www.wiredamazon.com\/es\/wp-json\/wp\/v2\/media?parent=590"}],"curies":[{"name":"wp","href":"https:\/\/api.w.org\/{rel}","templated":true}]}}