{"id":594,"date":"2025-02-05T18:20:30","date_gmt":"2025-02-05T23:20:30","guid":{"rendered":"https:\/\/www.wiredamazon.com\/es\/?page_id=594"},"modified":"2025-03-26T08:36:01","modified_gmt":"2025-03-26T13:36:01","slug":"apoya","status":"publish","type":"page","link":"https:\/\/www.wiredamazon.com\/es\/ayuda-a-la-amazonia\/apoya\/","title":{"rendered":"Apoya"},"content":{"rendered":"<h2 style=\"text-align: center;\"><span style=\"color: #008000;\">\u00danete a la conservaci\u00f3n de la selva amaz\u00f3nica<\/span><\/h2>\r\n<p style=\"text-align: center;\">Cada contribuci\u00f3n ayuda a conservar la Amazonia y a financiar proyectos cient\u00edficos innovadores en la Reserva Nacional de Tambopata. Su apoyo permite el descubrimiento de nuevas especies, la protecci\u00f3n de los jaguares y el monitoreo de la biodiversidad a trav\u00e9s de la ciencia ciudadana.<\/p>\r\n\r\n<h2 style=\"text-align: center;\"><span style=\"color: #008000;\">\u00bfPor qu\u00e9 apoyar a Wired Amazon?<\/span><\/h2>\r\n<h3><span style=\"color: #008000;\">Proteger la Amazonia<\/span><\/h3>\r\nTu contribuci\u00f3n ayuda a salvaguardar uno de los ecosistemas m\u00e1s biodiversos del mundo: la Amazon\u00eda peruana. Apoyando nuestros proyectos, ayudas a la protecci\u00f3n de especies en riesgo, a la preservaci\u00f3n de bosques pr\u00edstinos y a la lucha contra la deforestaci\u00f3n, la caza ilegal y el cambio clim\u00e1tico.\r\n<h3><span style=\"color: #008000;\">Apoya la ciencia y la innovaci\u00f3n<\/span><\/h3>\r\nWired Amazon est\u00e1 a la vanguardia de la ciencia ciudadana, fusionando tecnolog\u00eda e investigaci\u00f3n para hacer descubrimientos revolucionarios. Tu contribuci\u00f3n ayuda a financiar proyectos pioneros como:\r\n\r\n<strong>* Descubriendo nuevas especies &#8211;<\/strong> \u00danete a la b\u00fasqueda para identificar y dar nombre a especies desconocidas para la ciencia. Gracias a nuestra investigaci\u00f3n se han descubierto m\u00e1s de 30 nuevas especies de artr\u00f3podos.\r\n\r\n<strong>*AmazonCam Tambopata &#8211;<\/strong> Ayude a monitorear la vida silvestre, incluyendo jaguares y \u00e1guilas arp\u00edas, a trav\u00e9s de redes de c\u00e1maras trampa. Con m\u00e1s de 650.000 im\u00e1genes recogidas, estamos identificando animales individuales y rastreando sus poblaciones.\r\n\r\n<strong>*Aerobotany &#8211;<\/strong> Apoyar el uso de tecnolog\u00eda de aviones no tripulados para estudiar y proteger especies clave de \u00e1rboles amaz\u00f3nicos, incluido el \u00e1rbol de la nuez de Brasil, un recurso econ\u00f3mico esencial para las comunidades locales.\r\n\r\n<strong>*Proyecto Guacamayo de Tambopata &#8211;<\/strong> Los guacamayos son indicadores clave de la salud de la selva tropical, pero la p\u00e9rdida de h\u00e1bitat amenaza a sus poblaciones. Nuestro estudio a largo plazo vigila sus h\u00e1bitos de nidificaci\u00f3n y desarrolla soluciones artificiales para aumentar el \u00e9xito reproductor. Con m\u00e1s de 30 a\u00f1os de investigaci\u00f3n, estamos garantizando la supervivencia de esta vibrante especie.\r\n\r\n<strong>*Proyecto 8 Primates &#8211;<\/strong> Desde monos aulladores a monos ara\u00f1a, nuestra investigaci\u00f3n utiliza el seguimiento del comportamiento y la tecnolog\u00eda bioac\u00fastica para estudiar los movimientos y la comunicaci\u00f3n de ocho especies de monos. Apoyando este proyecto, nos ayudas a desarrollar estrategias de conservaci\u00f3n para proteger poblaciones de primates vitales para el equilibrio ecol\u00f3gico del Amazonas.\r\n<h2 style=\"text-align: center;\"><span style=\"color: #008000;\">Impacto real<\/span><\/h2>\r\nTu apoyo financia directamente actividades pr\u00e1cticas de investigaci\u00f3n y conservaci\u00f3n en la Reserva Nacional de Tambopata. Con m\u00e1s de 12.000 participantes involucrados en nuestros proyectos, su apoyo permite el monitoreo de especies en tiempo real, avances cient\u00edficos e iniciativas de ecoturismo sostenible que empoderan a las comunidades locales.","protected":false},"excerpt":{"rendered":"\u00danete a la conservaci\u00f3n de la selva amaz\u00f3nica Cada contribuci\u00f3n ayuda a conservar la Amazonia y a financiar proyectos cient\u00edficos innovadores en la Reserva Nacional de Tambopata. Su apoyo permite el descubrimiento de nuevas especies, la protecci\u00f3n de los jaguares y el monitoreo de la biodiversidad a trav\u00e9s de la ciencia ciudadana. \u00bfPor qu\u00e9 apoyar [&hellip;]","protected":false},"author":1,"featured_media":0,"parent":552,"menu_order":0,"comment_status":"closed","ping_status":"closed","template":"templates\/template-generico-001.php","meta":{"footnotes":""},"class_list":["post-594","page","type-page","status-publish","hentry"],"yoast_head":"<!-- This site is optimized with the Yoast SEO plugin v27.2 - https:\/\/yoast.com\/product\/yoast-seo-wordpress\/ -->\n<title>Apoya - Wired Amazon en Espa\u00f1ol<\/title>\n<meta name=\"robots\" content=\"index, follow, max-snippet:-1, max-image-preview:large, max-video-preview:-1\" \/>\n<link rel=\"canonical\" href=\"https:\/\/www.wiredamazon.com\/es\/ayuda-a-la-amazonia\/apoya\/\" \/>\n<meta property=\"og:locale\" content=\"es_ES\" \/>\n<meta property=\"og:type\" content=\"article\" \/>\n<meta property=\"og:title\" content=\"Apoya - Wired Amazon en Espa\u00f1ol\" \/>\n<meta property=\"og:description\" content=\"\u00danete a la conservaci\u00f3n de la selva amaz\u00f3nica Cada contribuci\u00f3n ayuda a conservar la Amazonia y a financiar proyectos cient\u00edficos innovadores en la Reserva Nacional de Tambopata. Su apoyo permite el descubrimiento de nuevas especies, la protecci\u00f3n de los jaguares y el monitoreo de la biodiversidad a trav\u00e9s de la ciencia ciudadana. \u00bfPor qu\u00e9 apoyar [&hellip;]\" \/>\n<meta property=\"og:url\" content=\"https:\/\/www.wiredamazon.com\/es\/ayuda-a-la-amazonia\/apoya\/\" \/>\n<meta property=\"og:site_name\" content=\"Wired Amazon en Espa\u00f1ol\" \/>\n<meta property=\"article:modified_time\" content=\"2025-03-26T13:36:01+00:00\" \/>\n<meta name=\"twitter:card\" content=\"summary_large_image\" \/>\n<meta name=\"twitter:label1\" content=\"Est. reading time\" \/>\n\t<meta name=\"twitter:data1\" content=\"2 minutos\" \/>\n<script type=\"application\/ld+json\" class=\"yoast-schema-graph\">{\"@context\":\"https:\/\/schema.org\",\"@graph\":[{\"@type\":\"WebPage\",\"@id\":\"https:\/\/www.wiredamazon.com\/es\/ayuda-a-la-amazonia\/apoya\/\",\"url\":\"https:\/\/www.wiredamazon.com\/es\/ayuda-a-la-amazonia\/apoya\/\",\"name\":\"Apoya - Wired Amazon en Espa\u00f1ol\",\"isPartOf\":{\"@id\":\"https:\/\/www.wiredamazon.com\/es\/#website\"},\"datePublished\":\"2025-02-05T23:20:30+00:00\",\"dateModified\":\"2025-03-26T13:36:01+00:00\",\"breadcrumb\":{\"@id\":\"https:\/\/www.wiredamazon.com\/es\/ayuda-a-la-amazonia\/apoya\/#breadcrumb\"},\"inLanguage\":\"es-PE\",\"potentialAction\":[{\"@type\":\"ReadAction\",\"target\":[\"https:\/\/www.wiredamazon.com\/es\/ayuda-a-la-amazonia\/apoya\/\"]}]},{\"@type\":\"BreadcrumbList\",\"@id\":\"https:\/\/www.wiredamazon.com\/es\/ayuda-a-la-amazonia\/apoya\/#breadcrumb\",\"itemListElement\":[{\"@type\":\"ListItem\",\"position\":1,\"name\":\"Portada\",\"item\":\"https:\/\/www.wiredamazon.com\/es\/\"},{\"@type\":\"ListItem\",\"position\":2,\"name\":\"Ayuda a la Amazon\u00eda\",\"item\":\"https:\/\/www.wiredamazon.com\/es\/ayuda-a-la-amazonia\/\"},{\"@type\":\"ListItem\",\"position\":3,\"name\":\"Apoya\"}]},{\"@type\":\"WebSite\",\"@id\":\"https:\/\/www.wiredamazon.com\/es\/#website\",\"url\":\"https:\/\/www.wiredamazon.com\/es\/\",\"name\":\"Wired Amazon en Espa\u00f1ol\",\"description\":\"\",\"potentialAction\":[{\"@type\":\"SearchAction\",\"target\":{\"@type\":\"EntryPoint\",\"urlTemplate\":\"https:\/\/www.wiredamazon.com\/es\/?s={search_term_string}\"},\"query-input\":{\"@type\":\"PropertyValueSpecification\",\"valueRequired\":true,\"valueName\":\"search_term_string\"}}],\"inLanguage\":\"es-PE\"}]}<\/script>\n<!-- \/ Yoast SEO plugin. -->","yoast_head_json":{"title":"Apoya - Wired Amazon en Espa\u00f1ol","robots":{"index":"index","follow":"follow","max-snippet":"max-snippet:-1","max-image-preview":"max-image-preview:large","max-video-preview":"max-video-preview:-1"},"canonical":"https:\/\/www.wiredamazon.com\/es\/ayuda-a-la-amazonia\/apoya\/","og_locale":"es_ES","og_type":"article","og_title":"Apoya - Wired Amazon en Espa\u00f1ol","og_description":"\u00danete a la conservaci\u00f3n de la selva amaz\u00f3nica Cada contribuci\u00f3n ayuda a conservar la Amazonia y a financiar proyectos cient\u00edficos innovadores en la Reserva Nacional de Tambopata. Su apoyo permite el descubrimiento de nuevas especies, la protecci\u00f3n de los jaguares y el monitoreo de la biodiversidad a trav\u00e9s de la ciencia ciudadana. \u00bfPor qu\u00e9 apoyar [&hellip;]","og_url":"https:\/\/www.wiredamazon.com\/es\/ayuda-a-la-amazonia\/apoya\/","og_site_name":"Wired Amazon en Espa\u00f1ol","article_modified_time":"2025-03-26T13:36:01+00:00","twitter_card":"summary_large_image","twitter_misc":{"Est. reading time":"2 minutos"},"schema":{"@context":"https:\/\/schema.org","@graph":[{"@type":"WebPage","@id":"https:\/\/www.wiredamazon.com\/es\/ayuda-a-la-amazonia\/apoya\/","url":"https:\/\/www.wiredamazon.com\/es\/ayuda-a-la-amazonia\/apoya\/","name":"Apoya - Wired Amazon en Espa\u00f1ol","isPartOf":{"@id":"https:\/\/www.wiredamazon.com\/es\/#website"},"datePublished":"2025-02-05T23:20:30+00:00","dateModified":"2025-03-26T13:36:01+00:00","breadcrumb":{"@id":"https:\/\/www.wiredamazon.com\/es\/ayuda-a-la-amazonia\/apoya\/#breadcrumb"},"inLanguage":"es-PE","potentialAction":[{"@type":"ReadAction","target":["https:\/\/www.wiredamazon.com\/es\/ayuda-a-la-amazonia\/apoya\/"]}]},{"@type":"BreadcrumbList","@id":"https:\/\/www.wiredamazon.com\/es\/ayuda-a-la-amazonia\/apoya\/#breadcrumb","itemListElement":[{"@type":"ListItem","position":1,"name":"Portada","item":"https:\/\/www.wiredamazon.com\/es\/"},{"@type":"ListItem","position":2,"name":"Ayuda a la Amazon\u00eda","item":"https:\/\/www.wiredamazon.com\/es\/ayuda-a-la-amazonia\/"},{"@type":"ListItem","position":3,"name":"Apoya"}]},{"@type":"WebSite","@id":"https:\/\/www.wiredamazon.com\/es\/#website","url":"https:\/\/www.wiredamazon.com\/es\/","name":"Wired Amazon en Espa\u00f1ol","description":"","potentialAction":[{"@type":"SearchAction","target":{"@type":"EntryPoint","urlTemplate":"https:\/\/www.wiredamazon.com\/es\/?s={search_term_string}"},"query-input":{"@type":"PropertyValueSpecification","valueRequired":true,"valueName":"search_term_string"}}],"inLanguage":"es-PE"}]}},"_links":{"self":[{"href":"https:\/\/www.wiredamazon.com\/es\/wp-json\/wp\/v2\/pages\/594","targetHints":{"allow":["GET"]}}],"collection":[{"href":"https:\/\/www.wiredamazon.com\/es\/wp-json\/wp\/v2\/pages"}],"about":[{"href":"https:\/\/www.wiredamazon.com\/es\/wp-json\/wp\/v2\/types\/page"}],"author":[{"embeddable":true,"href":"https:\/\/www.wiredamazon.com\/es\/wp-json\/wp\/v2\/users\/1"}],"replies":[{"embeddable":true,"href":"https:\/\/www.wiredamazon.com\/es\/wp-json\/wp\/v2\/comments?post=594"}],"version-history":[{"count":3,"href":"https:\/\/www.wiredamazon.com\/es\/wp-json\/wp\/v2\/pages\/594\/revisions"}],"predecessor-version":[{"id":630,"href":"https:\/\/www.wiredamazon.com\/es\/wp-json\/wp\/v2\/pages\/594\/revisions\/630"}],"up":[{"embeddable":true,"href":"https:\/\/www.wiredamazon.com\/es\/wp-json\/wp\/v2\/pages\/552"}],"wp:attachment":[{"href":"https:\/\/www.wiredamazon.com\/es\/wp-json\/wp\/v2\/media?parent=594"}],"curies":[{"name":"wp","href":"https:\/\/api.w.org\/{rel}","templated":true}]}}